{"id":27,"date":"2023-03-20T13:10:48","date_gmt":"2023-03-20T16:10:48","guid":{"rendered":"https:\/\/colegiosaturno.cl\/gabrielamistral\/?page_id=27"},"modified":"2024-03-04T12:07:07","modified_gmt":"2024-03-04T15:07:07","slug":"mision-y-vision","status":"publish","type":"page","link":"https:\/\/colegiosaturno.cl\/gabrielamistral\/mision-y-vision\/","title":{"rendered":"Misi\u00f3n y Visi\u00f3n"},"content":{"rendered":"\n<p class=\"has-text-align-left\">Marco filos\u00f3fico curricular<\/p>\n\n\n\n<p class=\"has-text-align-left\">Misi\u00f3n institucional:<br>\u201cDesarrollar en los estudiantes valores humanos, habilidades blandas y en competencias<br>referidas a lo intelectual, social y espiritual para que se constituyan en personas creativas,<br>investigadoras, de esp\u00edritu cr\u00edtico, reflexivas, solidarias, responsables, democr\u00e1ticas e<br>integradoras y respetuosas del medio social , art\u00edstico, cultural y Ambiental\u201d.<\/p>\n\n\n\n<p><br>Visi\u00f3n de futuro:<strong><br><\/strong>&#8220;So\u00f1amos con ser un colegio efectivo, constructivista, que permita lograr aprendizajes de<br>calidad sostenibles en el tiempo, considerando las caracter\u00edsticas y sellos formativos que<br>poseemos como instituci\u00f3n escolar en lo relacionado con el medio ambiental, art\u00edstico,<br>deportivos y de otros factores socioculturales propios de la comunidad rural, obteniendo con<br>ello, estudiantes respetuosos y competentes en lo afectivo, en lo acad\u00e9mico y en lo social&#8221;.<\/p>\n","protected":false},"excerpt":{"rendered":"<p>Marco filos\u00f3fico curricular Misi\u00f3n institucional:\u201cDesarrollar en los estudiantes valores humanos, habilidades blandas y en competenciasreferidas a lo intelectual, social y espiritual para que se constituyan en personas creativas,investigadoras, de esp\u00edritu cr\u00edtico, reflexivas, solidarias, responsables, democr\u00e1ticas eintegradoras y respetuosas del medio social , art\u00edstico, cultural y Ambiental\u201d. Visi\u00f3n de futuro:&#8220;So\u00f1amos con ser un colegio efectivo, constructivista, [&hellip;]<\/p>\n","protected":false},"author":1,"featured_media":0,"parent":0,"menu_order":0,"comment_status":"closed","ping_status":"closed","template":"","meta":{"footnotes":""},"class_list":["post-27","page","type-page","status-publish","hentry"],"jetpack_sharing_enabled":true,"_links":{"self":[{"href":"https:\/\/colegiosaturno.cl\/gabrielamistral\/wp-json\/wp\/v2\/pages\/27","targetHints":{"allow":["GET"]}}],"collection":[{"href":"https:\/\/colegiosaturno.cl\/gabrielamistral\/wp-json\/wp\/v2\/pages"}],"about":[{"href":"https:\/\/colegiosaturno.cl\/gabrielamistral\/wp-json\/wp\/v2\/types\/page"}],"author":[{"embeddable":true,"href":"https:\/\/colegiosaturno.cl\/gabrielamistral\/wp-json\/wp\/v2\/users\/1"}],"replies":[{"embeddable":true,"href":"https:\/\/colegiosaturno.cl\/gabrielamistral\/wp-json\/wp\/v2\/comments?post=27"}],"version-history":[{"count":4,"href":"https:\/\/colegiosaturno.cl\/gabrielamistral\/wp-json\/wp\/v2\/pages\/27\/revisions"}],"predecessor-version":[{"id":209,"href":"https:\/\/colegiosaturno.cl\/gabrielamistral\/wp-json\/wp\/v2\/pages\/27\/revisions\/209"}],"wp:attachment":[{"href":"https:\/\/colegiosaturno.cl\/gabrielamistral\/wp-json\/wp\/v2\/media?parent=27"}],"curies":[{"name":"wp","href":"https:\/\/api.w.org\/{rel}","templated":true}]}}